{"id":310,"date":"2021-11-04T10:21:32","date_gmt":"2021-11-04T10:21:32","guid":{"rendered":"https:\/\/atpconstructioninc.com\/index.php\/services\/"},"modified":"2023-12-27T13:47:40","modified_gmt":"2023-12-27T18:47:40","slug":"services","status":"publish","type":"page","link":"https:\/\/atpconstructioninc.com\/en\/services\/","title":{"rendered":"Services"},"content":{"rendered":"<div data-elementor-type=\"wp-page\" data-elementor-id=\"310\" class=\"elementor elementor-310\">\n\t\t\t\t<div class=\"elementor-element elementor-element-122e55f e-flex e-con-boxed wpr-particle-no wpr-jarallax-no wpr-parallax-no wpr-sticky-section-no e-con e-parent\" data-id=\"122e55f\" data-element_type=\"container\" data-settings=\"{&quot;background_background&quot;:&quot;classic&quot;}\">\n\t\t\t\t\t<div class=\"e-con-inner\">\n\t\t<div class=\"elementor-element elementor-element-d4f38d4 e-con-full e-flex wpr-particle-no wpr-jarallax-no wpr-parallax-no wpr-sticky-section-no e-con e-child\" data-id=\"d4f38d4\" data-element_type=\"container\">\n\t\t\t\t<div class=\"elementor-element elementor-element-63d7f54 elementor-widget elementor-widget-heading\" data-id=\"63d7f54\" data-element_type=\"widget\" data-widget_type=\"heading.default\">\n\t\t\t\t<div class=\"elementor-widget-container\">\n\t\t\t\t\t<h1 class=\"elementor-heading-title elementor-size-default\">SERVICES<\/h1>\t\t\t\t<\/div>\n\t\t\t\t<\/div>\n\t\t\t\t<\/div>\n\t\t\t\t\t<\/div>\n\t\t\t\t<\/div>\n\t\t<div class=\"elementor-element elementor-element-5042c3a e-flex e-con-boxed wpr-particle-no wpr-jarallax-no wpr-parallax-no wpr-sticky-section-no e-con e-parent\" data-id=\"5042c3a\" data-element_type=\"container\" data-settings=\"{&quot;background_background&quot;:&quot;classic&quot;}\">\n\t\t\t\t\t<div class=\"e-con-inner\">\n\t\t<div class=\"elementor-element elementor-element-eeba45c e-con-full e-flex wpr-particle-no wpr-jarallax-no wpr-parallax-no wpr-sticky-section-no e-con e-child\" data-id=\"eeba45c\" data-element_type=\"container\">\n\t\t<div class=\"elementor-element elementor-element-76f51b9 e-con-full e-flex wpr-particle-no wpr-jarallax-no wpr-parallax-no wpr-sticky-section-no e-con e-child\" data-id=\"76f51b9\" data-element_type=\"container\">\n\t\t<div class=\"elementor-element elementor-element-152a051 e-con-full e-flex wpr-particle-no wpr-jarallax-no wpr-parallax-no wpr-sticky-section-no e-con e-child\" data-id=\"152a051\" data-element_type=\"container\">\n\t\t\t\t<div class=\"elementor-element elementor-element-37f5908 elementor-widget elementor-widget-heading\" data-id=\"37f5908\" data-element_type=\"widget\" data-widget_type=\"heading.default\">\n\t\t\t\t<div class=\"elementor-widget-container\">\n\t\t\t\t\t<h2 class=\"elementor-heading-title elementor-size-default\">Our Services<\/h2>\t\t\t\t<\/div>\n\t\t\t\t<\/div>\n\t\t<div class=\"elementor-element elementor-element-14ca54f e-con-full e-flex wpr-particle-no wpr-jarallax-no wpr-parallax-no wpr-sticky-section-no e-con e-child\" data-id=\"14ca54f\" data-element_type=\"container\">\n\t\t<div class=\"elementor-element elementor-element-5c43f44 e-con-full e-flex wpr-particle-no wpr-jarallax-no wpr-parallax-no wpr-sticky-section-no e-con e-child\" data-id=\"5c43f44\" data-element_type=\"container\">\n\t\t\t\t<div class=\"elementor-element elementor-element-10125cb elementor-position-top elementor-widget elementor-widget-image-box\" data-id=\"10125cb\" data-element_type=\"widget\" data-widget_type=\"image-box.default\">\n\t\t\t\t<div class=\"elementor-widget-container\">\n\t\t\t\t\t<div class=\"elementor-image-box-wrapper\"><figure class=\"elementor-image-box-img\"><img fetchpriority=\"high\" decoding=\"async\" width=\"380\" height=\"250\" src=\"https:\/\/atpconstructioninc.com\/wp-content\/uploads\/2023\/12\/house_renovation.jpg\" class=\"attachment-full size-full wp-image-1382\" alt=\"\" srcset=\"https:\/\/atpconstructioninc.com\/wp-content\/uploads\/2023\/12\/house_renovation.jpg 380w, https:\/\/atpconstructioninc.com\/wp-content\/uploads\/2023\/12\/house_renovation-300x197.jpg 300w\" sizes=\"(max-width: 380px) 100vw, 380px\" \/><\/figure><div class=\"elementor-image-box-content\"><h3 class=\"elementor-image-box-title\">House Renovation<\/h3><p class=\"elementor-image-box-description\">Transform your house into a dream home with our comprehensive renovation solutions.<\/p><\/div><\/div>\t\t\t\t<\/div>\n\t\t\t\t<\/div>\n\t\t\t\t<\/div>\n\t\t<div class=\"elementor-element elementor-element-ca20310 e-con-full e-flex wpr-particle-no wpr-jarallax-no wpr-parallax-no wpr-sticky-section-no e-con e-child\" data-id=\"ca20310\" data-element_type=\"container\">\n\t\t\t\t<div class=\"elementor-element elementor-element-8af1c4a elementor-position-top elementor-widget elementor-widget-image-box\" data-id=\"8af1c4a\" data-element_type=\"widget\" data-widget_type=\"image-box.default\">\n\t\t\t\t<div class=\"elementor-widget-container\">\n\t\t\t\t\t<div class=\"elementor-image-box-wrapper\"><figure class=\"elementor-image-box-img\"><img decoding=\"async\" width=\"380\" height=\"250\" src=\"https:\/\/atpconstructioninc.com\/wp-content\/uploads\/2023\/12\/bathroom_renovation.jpg\" class=\"attachment-full size-full wp-image-1378\" alt=\"\" srcset=\"https:\/\/atpconstructioninc.com\/wp-content\/uploads\/2023\/12\/bathroom_renovation.jpg 380w, https:\/\/atpconstructioninc.com\/wp-content\/uploads\/2023\/12\/bathroom_renovation-300x197.jpg 300w\" sizes=\"(max-width: 380px) 100vw, 380px\" \/><\/figure><div class=\"elementor-image-box-content\"><h3 class=\"elementor-image-box-title\">Bathroom Renovation<\/h3><p class=\"elementor-image-box-description\">Revitalize your bathroom with our expert renovation services, tailored to your preferences.<\/p><\/div><\/div>\t\t\t\t<\/div>\n\t\t\t\t<\/div>\n\t\t\t\t<\/div>\n\t\t<div class=\"elementor-element elementor-element-eeb32f5 e-con-full e-flex wpr-particle-no wpr-jarallax-no wpr-parallax-no wpr-sticky-section-no e-con e-child\" data-id=\"eeb32f5\" data-element_type=\"container\">\n\t\t\t\t<div class=\"elementor-element elementor-element-d4117b6 elementor-position-top elementor-widget elementor-widget-image-box\" data-id=\"d4117b6\" data-element_type=\"widget\" data-widget_type=\"image-box.default\">\n\t\t\t\t<div class=\"elementor-widget-container\">\n\t\t\t\t\t<div class=\"elementor-image-box-wrapper\"><figure class=\"elementor-image-box-img\"><img decoding=\"async\" width=\"380\" height=\"250\" src=\"https:\/\/atpconstructioninc.com\/wp-content\/uploads\/2023\/12\/drywall.jpg\" class=\"attachment-full size-full wp-image-1380\" alt=\"\" srcset=\"https:\/\/atpconstructioninc.com\/wp-content\/uploads\/2023\/12\/drywall.jpg 380w, https:\/\/atpconstructioninc.com\/wp-content\/uploads\/2023\/12\/drywall-300x197.jpg 300w\" sizes=\"(max-width: 380px) 100vw, 380px\" \/><\/figure><div class=\"elementor-image-box-content\"><h3 class=\"elementor-image-box-title\">Drywall Installation<\/h3><p class=\"elementor-image-box-description\">Achieve smooth and even walls with our precise drywall installation expertise.<\/p><\/div><\/div>\t\t\t\t<\/div>\n\t\t\t\t<\/div>\n\t\t\t\t<\/div>\n\t\t\t\t<\/div>\n\t\t<div class=\"elementor-element elementor-element-80d23b4 e-con-full e-flex wpr-particle-no wpr-jarallax-no wpr-parallax-no wpr-sticky-section-no e-con e-child\" data-id=\"80d23b4\" data-element_type=\"container\">\n\t\t<div class=\"elementor-element elementor-element-e35c6ae e-con-full e-flex wpr-particle-no wpr-jarallax-no wpr-parallax-no wpr-sticky-section-no e-con e-child\" data-id=\"e35c6ae\" data-element_type=\"container\">\n\t\t\t\t<div class=\"elementor-element elementor-element-2ce5229 elementor-position-top elementor-widget elementor-widget-image-box\" data-id=\"2ce5229\" data-element_type=\"widget\" data-widget_type=\"image-box.default\">\n\t\t\t\t<div class=\"elementor-widget-container\">\n\t\t\t\t\t<div class=\"elementor-image-box-wrapper\"><figure class=\"elementor-image-box-img\"><img loading=\"lazy\" decoding=\"async\" width=\"380\" height=\"250\" src=\"https:\/\/atpconstructioninc.com\/wp-content\/uploads\/2023\/12\/painting.jpg\" class=\"attachment-full size-full wp-image-1343\" alt=\"\" srcset=\"https:\/\/atpconstructioninc.com\/wp-content\/uploads\/2023\/12\/painting.jpg 380w, https:\/\/atpconstructioninc.com\/wp-content\/uploads\/2023\/12\/painting-300x197.jpg 300w\" sizes=\"(max-width: 380px) 100vw, 380px\" \/><\/figure><div class=\"elementor-image-box-content\"><h3 class=\"elementor-image-box-title\">Plastering &amp; Painting<\/h3><p class=\"elementor-image-box-description\">Meticulously blend sophistication into your interiors <br>with expert plastering and painting services.<\/p><\/div><\/div>\t\t\t\t<\/div>\n\t\t\t\t<\/div>\n\t\t\t\t<\/div>\n\t\t<div class=\"elementor-element elementor-element-c3cff81 e-con-full e-flex wpr-particle-no wpr-jarallax-no wpr-parallax-no wpr-sticky-section-no e-con e-child\" data-id=\"c3cff81\" data-element_type=\"container\">\n\t\t\t\t<div class=\"elementor-element elementor-element-34078fb elementor-position-top elementor-widget elementor-widget-image-box\" data-id=\"34078fb\" data-element_type=\"widget\" data-widget_type=\"image-box.default\">\n\t\t\t\t<div class=\"elementor-widget-container\">\n\t\t\t\t\t<div class=\"elementor-image-box-wrapper\"><figure class=\"elementor-image-box-img\"><img loading=\"lazy\" decoding=\"async\" width=\"380\" height=\"250\" src=\"https:\/\/atpconstructioninc.com\/wp-content\/uploads\/2023\/12\/ceramic.jpg\" class=\"attachment-full size-full wp-image-1379\" alt=\"\" srcset=\"https:\/\/atpconstructioninc.com\/wp-content\/uploads\/2023\/12\/ceramic.jpg 380w, https:\/\/atpconstructioninc.com\/wp-content\/uploads\/2023\/12\/ceramic-300x197.jpg 300w\" sizes=\"(max-width: 380px) 100vw, 380px\" \/><\/figure><div class=\"elementor-image-box-content\"><h3 class=\"elementor-image-box-title\">Ceramics<\/h3><p class=\"elementor-image-box-description\">Elevate your surroundings with timeless elegance through our expert ceramics installation.<\/p><\/div><\/div>\t\t\t\t<\/div>\n\t\t\t\t<\/div>\n\t\t\t\t<\/div>\n\t\t<div class=\"elementor-element elementor-element-4acb597 e-con-full e-flex wpr-particle-no wpr-jarallax-no wpr-parallax-no wpr-sticky-section-no e-con e-child\" data-id=\"4acb597\" data-element_type=\"container\">\n\t\t\t\t<div class=\"elementor-element elementor-element-f2441b1 elementor-position-top elementor-widget elementor-widget-image-box\" data-id=\"f2441b1\" data-element_type=\"widget\" data-widget_type=\"image-box.default\">\n\t\t\t\t<div class=\"elementor-widget-container\">\n\t\t\t\t\t<div class=\"elementor-image-box-wrapper\"><figure class=\"elementor-image-box-img\"><img loading=\"lazy\" decoding=\"async\" width=\"380\" height=\"250\" src=\"https:\/\/atpconstructioninc.com\/wp-content\/uploads\/2023\/12\/flooring.jpg\" class=\"attachment-full size-full wp-image-1381\" alt=\"\" srcset=\"https:\/\/atpconstructioninc.com\/wp-content\/uploads\/2023\/12\/flooring.jpg 380w, https:\/\/atpconstructioninc.com\/wp-content\/uploads\/2023\/12\/flooring-300x197.jpg 300w\" sizes=\"(max-width: 380px) 100vw, 380px\" \/><\/figure><div class=\"elementor-image-box-content\"><h3 class=\"elementor-image-box-title\">Flooring<\/h3><p class=\"elementor-image-box-description\">Step into luxury and durability with our top-notch flooring solutions tailored to your style.<\/p><\/div><\/div>\t\t\t\t<\/div>\n\t\t\t\t<\/div>\n\t\t\t\t<\/div>\n\t\t\t\t<\/div>\n\t\t\t\t<\/div>\n\t\t\t\t<\/div>\n\t\t\t\t<\/div>\n\t\t\t\t\t<\/div>\n\t\t\t\t<\/div>\n\t\t\t\t<\/div>","protected":false},"excerpt":{"rendered":"<p>PRESTATIONS DE SERVICE Nos services R\u00e9novation de maison Transformez votre maison en une maison de r\u00eave gr\u00e2ce \u00e0 nos solutions de r\u00e9novation compl\u00e8tes. R\u00e9novation de salle de bain Revitalisez votre salle de bain avec nos services de r\u00e9novation experts, adapt\u00e9s \u00e0 vos pr\u00e9f\u00e9rences. Installation de cloisons s\u00e8ches Obtenez des murs lisses et uniformes gr\u00e2ce \u00e0 notre expertise pr\u00e9cise en mati\u00e8re d\u2019installation de cloisons s\u00e8ches. Pl\u00e2trage et peinture Int\u00e9grez m\u00e9ticuleusement la sophistication dans vos int\u00e9rieurs avec des services de pl\u00e2trage et de peinture experts. C\u00e9ramique \u00c9levez votre environnement avec une \u00e9l\u00e9gance intemporelle gr\u00e2ce \u00e0 notre installation experte en c\u00e9ramique. Sol Entrez dans le luxe et la durabilit\u00e9 avec nos solutions de rev\u00eatement de sol haut de gamme adapt\u00e9es \u00e0 votre style.<\/p>","protected":false},"author":1,"featured_media":0,"parent":0,"menu_order":0,"comment_status":"closed","ping_status":"closed","template":"","meta":{"om_disable_all_campaigns":false,"_monsterinsights_skip_tracking":false,"_monsterinsights_sitenote_active":false,"_monsterinsights_sitenote_note":"","_monsterinsights_sitenote_category":0,"site-sidebar-layout":"no-sidebar","site-content-layout":"page-builder","ast-site-content-layout":"default","site-content-style":"default","site-sidebar-style":"default","ast-global-header-display":"","ast-banner-title-visibility":"","ast-main-header-display":"","ast-hfb-above-header-display":"","ast-hfb-below-header-display":"","ast-hfb-mobile-header-display":"","site-post-title":"disabled","ast-breadcrumbs-content":"disabled","ast-featured-img":"disabled","footer-sml-layout":"","ast-disable-related-posts":"","theme-transparent-header-meta":"enabled","adv-header-id-meta":"","stick-header-meta":"","header-above-stick-meta":"","header-main-stick-meta":"","header-below-stick-meta":"","astra-migrate-meta-layouts":"default","ast-page-background-enabled":"default","ast-page-background-meta":{"desktop":{"background-color":"var(--ast-global-color-4)","background-image":"","background-repeat":"repeat","background-position":"center center","background-size":"auto","background-attachment":"scroll","background-type":"","background-media":"","overlay-type":"","overlay-color":"","overlay-opacity":"","overlay-gradient":""},"tablet":{"background-color":"","background-image":"","background-repeat":"repeat","background-position":"center center","background-size":"auto","background-attachment":"scroll","background-type":"","background-media":"","overlay-type":"","overlay-color":"","overlay-opacity":"","overlay-gradient":""},"mobile":{"background-color":"","background-image":"","background-repeat":"repeat","background-position":"center center","background-size":"auto","background-attachment":"scroll","background-type":"","background-media":"","overlay-type":"","overlay-color":"","overlay-opacity":"","overlay-gradient":""}},"ast-content-background-meta":{"desktop":{"background-color":"var(--ast-global-color-5)","background-image":"","background-repeat":"repeat","background-position":"center center","background-size":"auto","background-attachment":"scroll","background-type":"","background-media":"","overlay-type":"","overlay-color":"","overlay-opacity":"","overlay-gradient":""},"tablet":{"background-color":"var(--ast-global-color-5)","background-image":"","background-repeat":"repeat","background-position":"center center","background-size":"auto","background-attachment":"scroll","background-type":"","background-media":"","overlay-type":"","overlay-color":"","overlay-opacity":"","overlay-gradient":""},"mobile":{"background-color":"var(--ast-global-color-5)","background-image":"","background-repeat":"repeat","background-position":"center center","background-size":"auto","background-attachment":"scroll","background-type":"","background-media":"","overlay-type":"","overlay-color":"","overlay-opacity":"","overlay-gradient":""}},"footnotes":""},"class_list":["post-310","page","type-page","status-publish","hentry"],"aioseo_notices":[],"_links":{"self":[{"href":"https:\/\/atpconstructioninc.com\/en\/wp-json\/wp\/v2\/pages\/310","targetHints":{"allow":["GET"]}}],"collection":[{"href":"https:\/\/atpconstructioninc.com\/en\/wp-json\/wp\/v2\/pages"}],"about":[{"href":"https:\/\/atpconstructioninc.com\/en\/wp-json\/wp\/v2\/types\/page"}],"author":[{"embeddable":true,"href":"https:\/\/atpconstructioninc.com\/en\/wp-json\/wp\/v2\/users\/1"}],"replies":[{"embeddable":true,"href":"https:\/\/atpconstructioninc.com\/en\/wp-json\/wp\/v2\/comments?post=310"}],"version-history":[{"count":42,"href":"https:\/\/atpconstructioninc.com\/en\/wp-json\/wp\/v2\/pages\/310\/revisions"}],"predecessor-version":[{"id":2280,"href":"https:\/\/atpconstructioninc.com\/en\/wp-json\/wp\/v2\/pages\/310\/revisions\/2280"}],"wp:attachment":[{"href":"https:\/\/atpconstructioninc.com\/en\/wp-json\/wp\/v2\/media?parent=310"}],"curies":[{"name":"wp","href":"https:\/\/api.w.org\/{rel}","templated":true}]}}